{"id":4632,"date":"2020-06-03T10:19:54","date_gmt":"2020-06-03T10:19:54","guid":{"rendered":"https:\/\/demo.pro.radio\/wp12\/podcast-page-elementor\/"},"modified":"2026-02-28T16:14:47","modified_gmt":"2026-02-28T16:14:47","slug":"podcast-page-elementor","status":"publish","type":"page","link":"https:\/\/radiovaroy.no\/?page_id=4632","title":{"rendered":"Podcast page Elementor"},"content":{"rendered":"\t\t<div data-elementor-type=\"wp-page\" data-elementor-id=\"4632\" class=\"elementor elementor-4632\">\n\t\t\t\t\t\t<section class=\"elementor-section elementor-top-section elementor-element elementor-element-2b40eb8 elementor-section-stretched elementor-section-full_width elementor-section-height-default elementor-section-height-default\" data-id=\"2b40eb8\" data-element_type=\"section\" data-e-type=\"section\" data-settings=\"{&quot;stretch_section&quot;:&quot;section-stretched&quot;,&quot;background_background&quot;:&quot;classic&quot;}\">\n\t\t\t\t\t\t\t<div class=\"elementor-background-overlay\"><\/div>\n\t\t\t\t\t\t\t<div class=\"elementor-container elementor-column-gap-default\">\n\t\t\t\t\t<div class=\"elementor-column elementor-col-100 elementor-top-column elementor-element elementor-element-fe8a630\" data-id=\"fe8a630\" data-element_type=\"column\" data-e-type=\"column\" data-settings=\"{&quot;background_background&quot;:&quot;classic&quot;}\">\n\t\t\t<div class=\"elementor-widget-wrap elementor-element-populated\">\n\t\t\t\t\t\t<div class=\"elementor-element elementor-element-66fbad6 elementor-widget elementor-widget-proradio-elementor-section-caption\" data-id=\"66fbad6\" data-element_type=\"widget\" data-e-type=\"widget\" data-widget_type=\"proradio-elementor-section-caption.default\">\n\t\t\t\t<div class=\"elementor-widget-container\">\n\t\t\t\t\t\n\t\t<div class=\"proradio-section-caption  proradio-section-caption--m\">\n\n\t\t\t\t\t<div>\n\t\t\t<h4  class=\"proradio-element-caption proradio-caption  proradio-caption__m proradio-caption--neg center proradio-center proradio-caption__c proradio-anim  \" data-qtwaypoints-offset=\"30\" data-qtwaypoints>\t\t\t\t<span>ANDRE PODCAST<\/span>\n\t\t\t\t<\/h4>\t\t<\/div>\n\t\t\t\t\t\t<hr class=\"proradio-spacer-s\">\n\t\t\t\t\t\t\t\t<h2 id=\"proradiotabsfaabae-podcast\" class=\"proradio-center proradio-capfont proradio-proradiotabsfaabae-podcast proradio-txtfx-oslo-container proradio-textfx-wrap \">\n\t\t\t\t\t\t\t\t\t\t\t\t<span class=\"proradio-txtfx proradio-txtfx--oslo\" data-qtwaypoints-offset=\"50\" data-qtwaypoints >\n\t\t\t\t\t\t\t\t<span>P<\/span><span>O<\/span><span>D<\/span><span>C<\/span><span>A<\/span><span>S<\/span><span>T<\/span>\t\t\t\t\t\t\t<\/span>\n\t\t\t\t\t\t\t\t\t\t\t<\/h2>\n\t\t\t\t\t\t\t\t<p>LYTT TIL ALLE PODCAST OM V\u00c6R\u00d8Y<\/p>\n\t\t\t\t\t\t<\/div>\n\t\t\t\t<div data-proradio-customstyles=\".proradio-proradiotabsfaabae-podcast .proradio-txtfx--oslo span  { color: #FFFFFF}\n\t\t\t\t\t\t\t.proradio-proradiotabsfaabae-podcast .proradio-txtfx--oslo.proradio-active span  { color: #FFFFFF}\n\t\t\t\t\t\t\t.proradio-proradiotabsfaabae-podcast .proradio-txtfx--oslo::before { border-color: #FFBA00}\"><\/div>\n\t\t\t\t\t\t<\/div>\n\t\t\t\t<\/div>\n\t\t\t\t\t<\/div>\n\t\t<\/div>\n\t\t\t\t\t<\/div>\n\t\t<\/section>\n\t\t\t\t<section class=\"elementor-section elementor-top-section elementor-element elementor-element-5323b56 elementor-section-boxed elementor-section-height-default elementor-section-height-default\" data-id=\"5323b56\" data-element_type=\"section\" data-e-type=\"section\">\n\t\t\t\t\t\t<div class=\"elementor-container elementor-column-gap-default\">\n\t\t\t\t\t<div class=\"elementor-column elementor-col-100 elementor-top-column elementor-element elementor-element-2cce8d9\" data-id=\"2cce8d9\" data-element_type=\"column\" data-e-type=\"column\">\n\t\t\t<div class=\"elementor-widget-wrap elementor-element-populated\">\n\t\t\t\t\t\t<div class=\"elementor-element elementor-element-b72f6d9 elementor-widget elementor-widget-proradio-elementor-qt-caption\" data-id=\"b72f6d9\" data-element_type=\"widget\" data-e-type=\"widget\" data-widget_type=\"proradio-elementor-qt-caption.default\">\n\t\t\t\t<div class=\"elementor-widget-container\">\n\t\t\t\t\t\t\t<div>\n\t\t\t<h3  class=\"proradio-element-caption proradio-caption  proradio-caption__l  \" data-qtwaypoints-offset=\"30\" data-qtwaypoints>\t\t\t\t<span>PODCAST ARKIV<\/span>\n\t\t\t\t<\/h3>\t\t<\/div>\n\t\t\t\t\t\t<\/div>\n\t\t\t\t<\/div>\n\t\t\t\t<div class=\"elementor-element elementor-element-0ad8e83 elementor-widget elementor-widget-proradio-elementor-post-grid\" data-id=\"0ad8e83\" data-element_type=\"widget\" data-e-type=\"widget\" data-widget_type=\"proradio-elementor-post-grid.default\">\n\t\t\t\t<div class=\"elementor-widget-container\">\n\t\t\t\t\t\t\t\t<div id=\"qttmelementor-grid-663b2b1c\" class=\"proradio-container proradio-post-grid\">\n\n\t\t\t\t\n\t\t\t\t<div id=\"qttmelementor-list-663b2b1c\" class=\"proradio-row\">\n\t\t\t\t\t\t\t\t\t\t\t<div class=\"proradio-col proradio-col__post proradio-s12 proradio-m6 proradio-l4\">\n\t\t\t\t\t\t\t<article class=\"proradio-post proradio-post__card proradio-post__card--podcast proradio-podcast-episode proradio-darkbg proradio-negative post-3277 podcast type-podcast status-publish has-post-thumbnail hentry podcastfilter-politics\" data-qtwaypoints>\n\t<div class=\"proradio-bgimg proradio-bgimg--full proradio-duotone\">\n\t\t<img fetchpriority=\"high\" decoding=\"async\" width=\"1330\" height=\"665\" src=\"https:\/\/radiovaroy.no\/wp-content\/uploads\/2023\/03\/OnAir.jpg\" class=\"proradio-post__thumb wp-post-image\" alt=\"\" srcset=\"https:\/\/radiovaroy.no\/wp-content\/uploads\/2023\/03\/OnAir.jpg 1330w, https:\/\/radiovaroy.no\/wp-content\/uploads\/2023\/03\/OnAir-770x385.jpg 770w, https:\/\/radiovaroy.no\/wp-content\/uploads\/2023\/03\/OnAir-1170x585.jpg 1170w, https:\/\/radiovaroy.no\/wp-content\/uploads\/2023\/03\/OnAir-768x384.jpg 768w\" sizes=\"(max-width: 1330px) 100vw, 1330px\" \/>\t<\/div>\n\t\t<div class=\"proradio-post__headercont\">\n\t\t<a class=\"proradio-post__header__link\" href=\"https:\/\/radiovaroy.no\/?podcast=the-truth-podcast-18-2\"><\/a>\n\t\t<div class=\"proradio-actions__cont\">\n\t<div class=\"proradio-actions\">\n\t\t\t\t<a href=\"https:\/\/radiovaroy.no\/?podcast=the-truth-podcast-18-2\" class=\"proradio-actionicon\">\n\t\t\t<i class=\"material-icons\">insert_link<\/i>\n\t\t<\/a>\n\t\t\n\n\t\t\t\t<span class=\"proradio-actions__a1\">\t\t<a data-ttgreaktions-shareboxfull=\"{&quot;id&quot;:&quot;3277&quot;,&quot;shared&quot;:&quot;https:\\\/\\\/radiovaroy.no\\\/?podcast=the-truth-podcast-18-2&quot;,&quot;title&quot;:&quot;Susan og Bertrand s\\u00f8ker kommunedirekt\\u00f8r til V\\u00e6r\\u00f8y&quot;,&quot;finalUrl&quot;:&quot;https:\\\/\\\/radiovaroy.no\\\/?podcast=the-truth-podcast-18-2&amp;id=3277&amp;reaktions-share-fullpage=3277&amp;noajax=1&amp;label=Del&amp;btnclass=proradio-btn  proradio-btn__r&amp;secure=1e4f9e094f&quot;}\" href=\"#nojax\" class=\"proradio_reaktions-link \">\n\t\t\t<span class=\"qtli\"><i class=\"reakticons-share\"><\/i><\/span><span class=\"count\">6<\/span>\n\t\t<\/a>\n\t\t<\/span>\n\t\t\n\n\t\t\t\t<span class=\"proradio-actions__a2\">\t\t<a data-ttgreaktions-lovelink class=\"proradio_reaktions-link \" data-post_id=\"3277\" href=\"#\">\n\t        <span class=\"qtli\"><i class=\"reakticons-heart\"><\/i><\/span><span class=\"qtli count\">6<\/span>\n\t    <\/a>\n\t\t<\/span>\n\t\t\t<\/div>\n<\/div>\n\n\n\t\t<div class=\"proradio-post__card__cap\">\n\t\t\t<p class=\"proradio-cats\">\n\t\t\t\t<a href=\"https:\/\/radiovaroy.no\/?podcastfilter=politics\" class=\"proradio-catid-52\">Politics<\/a>\t\t\t<\/p>\n\t\t\t<h3 class=\"proradio-post__title proradio-h4 proradio-cutme-t-2\"><a href=\"https:\/\/radiovaroy.no\/?podcast=the-truth-podcast-18-2\">Susan og Bertrand s\u00f8ker kommunedirekt\u00f8r til V\u00e6r\u00f8y<\/a><\/h3>\n\t\t\t<p class=\"proradio-meta proradio-small\">\n\t\t\t\t<span class=\"proradio-date\"><i class=\"material-icons\">today<\/i>24. september 2024<\/span>\t\t\t\t<span><i class=\"reakticons-eye\"><\/i>195<\/span><span><\/span><span>\t\t<a data-ttgreaktions-lovelink class=\"proradio_reaktions-link \" data-post_id=\"3277\" href=\"#\">\n\t        <span class=\"qtli\"><i class=\"reakticons-heart\"><\/i><\/span><span class=\"qtli count\">6<\/span>\n\t    <\/a>\n\t\t<\/span><span>\t\t<a data-ttgreaktions-shareboxfull=\"{&quot;id&quot;:&quot;3277&quot;,&quot;shared&quot;:&quot;https:\\\/\\\/radiovaroy.no\\\/?podcast=the-truth-podcast-18-2&quot;,&quot;title&quot;:&quot;Susan og Bertrand s\\u00f8ker kommunedirekt\\u00f8r til V\\u00e6r\\u00f8y&quot;,&quot;finalUrl&quot;:&quot;https:\\\/\\\/radiovaroy.no\\\/?podcast=the-truth-podcast-18-2&amp;id=3277&amp;reaktions-share-fullpage=3277&amp;noajax=1&amp;label=Del&amp;btnclass=proradio-btn proradio-btn__r&amp;secure=1e4f9e094f&quot;}\" href=\"#nojax\" class=\"proradio_reaktions-link \">\n\t\t\t<span class=\"qtli\"><i class=\"reakticons-share\"><\/i><\/span><span class=\"count\">6<\/span>\n\t\t<\/a>\n\t\t<\/span>\t\t\t<\/p>\n\t\t<\/div>\n\t<\/div>\n\t<\/article>\n\t\t\t\t\t\t<\/div>\n\t\t\t\t\t\t\t\t\t\t<\/div>\n\t\t\t<\/div>\n\t\t\t\t\t\t\t<\/div>\n\t\t\t\t<\/div>\n\t\t\t\t\t<\/div>\n\t\t<\/div>\n\t\t\t\t\t<\/div>\n\t\t<\/section>\n\t\t\t\t<\/div>\n\t\t","protected":false},"excerpt":{"rendered":"<p>ANDRE PODCAST PODCAST LYTT TIL ALLE PODCAST OM V\u00c6R\u00d8Y PODCAST ARKIV insert_link 5 4 Politics Susan og Bertrand s\u00f8ker kommunedirekt\u00f8r til V\u00e6r\u00f8y todayseptember 24, 2024 112 4 5<\/p>\n","protected":false},"author":1,"featured_media":0,"parent":0,"menu_order":0,"comment_status":"closed","ping_status":"closed","template":"page-visualcomposer.php","meta":{"footnotes":""},"class_list":["post-4632","page","type-page","status-publish","hentry"],"_links":{"self":[{"href":"https:\/\/radiovaroy.no\/index.php?rest_route=\/wp\/v2\/pages\/4632","targetHints":{"allow":["GET"]}}],"collection":[{"href":"https:\/\/radiovaroy.no\/index.php?rest_route=\/wp\/v2\/pages"}],"about":[{"href":"https:\/\/radiovaroy.no\/index.php?rest_route=\/wp\/v2\/types\/page"}],"author":[{"embeddable":true,"href":"https:\/\/radiovaroy.no\/index.php?rest_route=\/wp\/v2\/users\/1"}],"replies":[{"embeddable":true,"href":"https:\/\/radiovaroy.no\/index.php?rest_route=%2Fwp%2Fv2%2Fcomments&post=4632"}],"version-history":[{"count":3,"href":"https:\/\/radiovaroy.no\/index.php?rest_route=\/wp\/v2\/pages\/4632\/revisions"}],"predecessor-version":[{"id":8686,"href":"https:\/\/radiovaroy.no\/index.php?rest_route=\/wp\/v2\/pages\/4632\/revisions\/8686"}],"wp:attachment":[{"href":"https:\/\/radiovaroy.no\/index.php?rest_route=%2Fwp%2Fv2%2Fmedia&parent=4632"}],"curies":[{"name":"wp","href":"https:\/\/api.w.org\/{rel}","templated":true}]}}