{"id":8245,"date":"2023-03-13T15:23:41","date_gmt":"2023-03-13T15:23:41","guid":{"rendered":"https:\/\/demo.pro.radio\/wp12\/"},"modified":"2026-02-28T16:45:28","modified_gmt":"2026-02-28T16:45:28","slug":"home-01-2","status":"publish","type":"page","link":"https:\/\/radiovaroy.no\/","title":{"rendered":"Hovedside"},"content":{"rendered":"\t\t<div data-elementor-type=\"wp-page\" data-elementor-id=\"8245\" class=\"elementor elementor-8245\">\n\t\t\t\t\t\t<section class=\"elementor-section elementor-top-section elementor-element elementor-element-dad43f0 elementor-section-boxed elementor-section-height-default elementor-section-height-default\" data-id=\"dad43f0\" data-element_type=\"section\" data-e-type=\"section\">\n\t\t\t\t\t\t<div class=\"elementor-container elementor-column-gap-default\">\n\t\t\t\t\t<div class=\"elementor-column elementor-col-100 elementor-top-column elementor-element elementor-element-1181827\" data-id=\"1181827\" data-element_type=\"column\" data-e-type=\"column\">\n\t\t\t<div class=\"elementor-widget-wrap elementor-element-populated\">\n\t\t\t\t\t\t<div class=\"elementor-element elementor-element-dac5840 elementor-widget elementor-widget-image\" data-id=\"dac5840\" data-element_type=\"widget\" data-e-type=\"widget\" data-widget_type=\"image.default\">\n\t\t\t\t<div class=\"elementor-widget-container\">\n\t\t\t\t\t\t\t\t\t\t\t\t\t\t\t<img fetchpriority=\"high\" decoding=\"async\" width=\"512\" height=\"512\" src=\"https:\/\/radiovaroy.no\/wp-content\/uploads\/2025\/02\/cropped-varoy-kopi2.png\" class=\"attachment-medium size-medium wp-image-8644\" alt=\"\" srcset=\"https:\/\/radiovaroy.no\/wp-content\/uploads\/2025\/02\/cropped-varoy-kopi2.png 512w, https:\/\/radiovaroy.no\/wp-content\/uploads\/2025\/02\/cropped-varoy-kopi2-150x150.png 150w, https:\/\/radiovaroy.no\/wp-content\/uploads\/2025\/02\/cropped-varoy-kopi2-100x100.png 100w, https:\/\/radiovaroy.no\/wp-content\/uploads\/2025\/02\/cropped-varoy-kopi2-370x370.png 370w, https:\/\/radiovaroy.no\/wp-content\/uploads\/2025\/02\/cropped-varoy-kopi2-270x270.png 270w, https:\/\/radiovaroy.no\/wp-content\/uploads\/2025\/02\/cropped-varoy-kopi2-192x192.png 192w, https:\/\/radiovaroy.no\/wp-content\/uploads\/2025\/02\/cropped-varoy-kopi2-180x180.png 180w, https:\/\/radiovaroy.no\/wp-content\/uploads\/2025\/02\/cropped-varoy-kopi2-32x32.png 32w\" sizes=\"(max-width: 512px) 100vw, 512px\" \/>\t\t\t\t\t\t\t\t\t\t\t\t\t\t\t<\/div>\n\t\t\t\t<\/div>\n\t\t\t\t<div class=\"elementor-element elementor-element-d8dbcb6 elementor-widget__width-inherit elementor-widget elementor-widget-proradio-elementor-radiofeed\" data-id=\"d8dbcb6\" data-element_type=\"widget\" data-e-type=\"widget\" data-widget_type=\"proradio-elementor-radiofeed.default\">\n\t\t\t\t<div class=\"elementor-widget-container\">\n\t\t\t\t\t\t\t<div class=\"proradio-widget-radiofeed\">\n\t\t\t<p class=\"proradio-now_on_air_text qtmplayer-feed   proradio-center aligncenter\" style=\"clear:both\">Radio V\u00e6r\u00f8y gir deg n\u00e5:<span class=\"qtmplayer__title proradio-marquee\"><\/span> <span class=\"qtmplayer__artist proradio-marquee\"><\/span><\/p>\t\t<\/div>\n\t\t\t\t\t\t<\/div>\n\t\t\t\t<\/div>\n\t\t\t\t<div class=\"elementor-element elementor-element-128c35d elementor-widget elementor-widget-proradio-elementor-artwork\" data-id=\"128c35d\" data-element_type=\"widget\" data-e-type=\"widget\" data-widget_type=\"proradio-elementor-artwork.default\">\n\t\t\t\t<div class=\"elementor-widget-container\">\n\t\t\t\t\t\t\t<div class=\"proradio-elementor proradio-hidden proradio-elementor--artwork proradio-text-\">\n\t\t\t<a class=\"proradio-inline proradio-elementor--artwork__img \" href=\"#\">\n\t\t\t\t<img decoding=\"async\" src=\"#\">\n\t\t\t<\/a>\n\t\t<\/div>\n\t\t\t\t\t\t<\/div>\n\t\t\t\t<\/div>\n\t\t\t\t<div class=\"elementor-element elementor-element-45a5150 elementor-widget elementor-widget-proradio-elementor-qt-caption\" data-id=\"45a5150\" data-element_type=\"widget\" data-e-type=\"widget\" data-widget_type=\"proradio-elementor-qt-caption.default\">\n\t\t\t\t<div class=\"elementor-widget-container\">\n\t\t\t\t\t\t\t<div>\n\t\t\t<h3  class=\"proradio-element-caption proradio-caption  proradio-caption__s proradio-anim  \" data-qtwaypoints-offset=\"30\" data-qtwaypoints>\t\t\t\t<span>RADIOPROGRAMMER<\/span>\n\t\t\t\t<\/h3>\t\t<\/div>\n\t\t\t\t\t\t<\/div>\n\t\t\t\t<\/div>\n\t\t\t\t<div class=\"elementor-element elementor-element-6fc63a2 elementor-widget elementor-widget-proradio-elementor-onair\" data-id=\"6fc63a2\" data-element_type=\"widget\" data-e-type=\"widget\" data-widget_type=\"proradio-elementor-onair.default\">\n\t\t\t\t<div class=\"elementor-widget-container\">\n\t\t\t\t\t\t\t\t\t\t<div id=\"proradio-onair-8245-05d93b22404819db0c2873d51a232723\" class=\"active\" data-proradio-autorefresh>\n\t\t\t\t\t\t<div class=\"proradio-item\">\n\t\t\t\t\t\t\t<div class=\"proradio-itemcontainer\">\n\t\t\t\t\t\t\t\t<article id=\"proradio-slider-post-8611\" class=\"proradio-post proradio-slider__item proradio-negative\">\n\t<div class=\"proradio-slider__img proradio-bgimg proradio-bgimg--full proradio-duotone\">\n\t\t<img decoding=\"async\" width=\"1330\" height=\"665\" src=\"https:\/\/radiovaroy.no\/wp-content\/uploads\/2023\/03\/CDarkiv_wp.jpg\" class=\"proradio-slider__i wp-post-image\" alt=\"Musikkteppe\" srcset=\"https:\/\/radiovaroy.no\/wp-content\/uploads\/2023\/03\/CDarkiv_wp.jpg 1330w, https:\/\/radiovaroy.no\/wp-content\/uploads\/2023\/03\/CDarkiv_wp-770x385.jpg 770w, https:\/\/radiovaroy.no\/wp-content\/uploads\/2023\/03\/CDarkiv_wp-1170x585.jpg 1170w, https:\/\/radiovaroy.no\/wp-content\/uploads\/2023\/03\/CDarkiv_wp-768x384.jpg 768w\" sizes=\"(max-width: 1330px) 100vw, 1330px\" \/>\t<\/div>\n\t\n\t<div class=\"proradio-slider__c\">\n\t\t<a class=\"proradio-post__header__link\" href=\"https:\/\/radiovaroy.no\/?shows=musikkteppe\"><\/a>\n\t\t<div class=\"proradio-container\">\t\t\t\n\t\t\t<p class=\"proradio-cats\">\n\t\t\t\t\n\t\t\t\t<span class=\"proradio-onair-tag\">N\u00e5 p\u00e5 lufta<\/span>\t\t\t<\/p>\n\n\t\t\t<h3 class=\"proradio-post__title proradio-cutme-t-3 proradio-bigtitle\" ><a href=\"https:\/\/radiovaroy.no\/?shows=musikkteppe\">Musikkteppe<\/a><\/h3>\n\t\t\t\t\t\t\t\t\t\t<h6 class=\"proradio-itemmetas\">\n\t\t\t\t\t<i class='material-icons'>access_time<\/i>1:00 pm - 11:00 am\t\t\t\t<\/h6>\n\t\t\t\t\t<\/div>\n\t\t\t<\/div>\n\t\t\n<\/article>\n\t\t\t\t\t\t\t<\/div>\n\t\t\t\t\t\t<\/div>\n\t\t\t\t\t<\/div>\n\t\t\t\t\t\t\t\t\t<\/div>\n\t\t\t\t<\/div>\n\t\t\t\t<div class=\"elementor-element elementor-element-5739cc9 elementor-widget elementor-widget-proradio-elementor-upcoming-shows-carousel\" data-id=\"5739cc9\" data-element_type=\"widget\" data-e-type=\"widget\" data-widget_type=\"proradio-elementor-upcoming-shows-carousel.default\">\n\t\t\t\t<div class=\"elementor-widget-container\">\n\t\t\t\t\t\t\t<div id=\"proradio-upcomingcarousel-dc5c361697d0a4549b6624e37c302fbe\" class=\"proradio-owl-carousel-container\" data-proradio-autorefresh>\n\t\t\t<div id=\"proradio-upcomingcarousel-c-dc5c361697d0a4549b6624e37c302fbe\" class=\"proradio-owl-carousel owl-carousel owl-theme proradio-owl-theme\" \n\t\t\t\tdata-items=\"3\"  data-items_tablet=\"2\" data-items_mobile=\"1\"\tdata-items_mobile_hori=\"2\" data-gap=\"0\"data-pause_on_hover=\"true\" data-loop=\"true\" data-center=\"\" data-stage_padding=\"0\" data-nav=\"true\" data-dots=\"true\" data-autoplay_timeout=\"8000\" data-amount=\"3\">\n\t\t\t\t\t\t\t\t\t\t\t\t\t\t\t<div class=\"proradio-item\">\n\t\t\t\t\t\t\t\t\t\t\t\t<div class=\"proradio-itemcontainer\">\n\t\t\t\t\t\t\t\t\t\t\t\t\t<article class=\"proradio-post proradio-post__card proradio-post__card--shows proradio-darkbg proradio-negative post-1819 shows type-shows status-publish has-post-thumbnail hentry genre-health\" data-qtwaypoints>\n\t<div class=\"proradio-bgimg proradio-bgimg--full proradio-duotone\">\n\t\t<img decoding=\"async\" width=\"770\" height=\"385\" src=\"https:\/\/radiovaroy.no\/wp-content\/uploads\/2021\/03\/lunsjradio_wp-770x385.jpg\" class=\"proradio-post__thumb wp-post-image\" alt=\"\" srcset=\"https:\/\/radiovaroy.no\/wp-content\/uploads\/2021\/03\/lunsjradio_wp-770x385.jpg 770w, https:\/\/radiovaroy.no\/wp-content\/uploads\/2021\/03\/lunsjradio_wp-1170x585.jpg 1170w, https:\/\/radiovaroy.no\/wp-content\/uploads\/2021\/03\/lunsjradio_wp-768x384.jpg 768w, https:\/\/radiovaroy.no\/wp-content\/uploads\/2021\/03\/lunsjradio_wp.jpg 1330w\" sizes=\"(max-width: 770px) 100vw, 770px\" \/>\t<\/div>\n\t<div class=\"proradio-post__headercont\">\n\t\t\t\t<a class=\"proradio-post__header__link\" href=\"https:\/\/radiovaroy.no\/?shows=eating-to-live\"><\/a>\n\t\t<div class=\"proradio-post__card__cap\">\n\t\t\t<p class=\"proradio-cats\">\n\t\t\t\t<a href=\"https:\/\/radiovaroy.no\/?genre=health\" class=\"proradio-catid-45\">Health<\/a>\t\t\t<\/p>\n\t\t\t<h3 class=\"proradio-post__title proradio-cutme-t-2 proradio-h4\"><a href=\"https:\/\/radiovaroy.no\/?shows=eating-to-live\">Lunsjradio<\/a><\/h3>\n\t\t\t\t\t\t\t<p class=\"proradio-itemmetas\">\n\t\t\t\t\t11:00 am - 1:00 pm\t\t\t\t<\/p>\n\t\t\t\t\t\t<\/div>\n\t\t\t<\/div>\n\t<\/article>\t\t\t\t\t\t\t\t\t\t\t\t<\/div>\n\t\t\t\t\t\t\t\t\t\t\t<\/div>\n\t\t\t\t\t\t\t\t\t\t\t\t\t\t\t\t\t\t\t\t\t\t<div class=\"proradio-item\">\n\t\t\t\t\t\t\t\t\t\t\t\t<div class=\"proradio-itemcontainer\">\n\t\t\t\t\t\t\t\t\t\t\t\t\t<article class=\"proradio-post proradio-post__card proradio-post__card--shows proradio-darkbg proradio-negative post-8611 shows type-shows status-publish has-post-thumbnail hentry\" data-qtwaypoints>\n\t<div class=\"proradio-bgimg proradio-bgimg--full proradio-duotone\">\n\t\t<img loading=\"lazy\" decoding=\"async\" width=\"770\" height=\"385\" src=\"https:\/\/radiovaroy.no\/wp-content\/uploads\/2023\/03\/CDarkiv_wp-770x385.jpg\" class=\"proradio-post__thumb wp-post-image\" alt=\"\" srcset=\"https:\/\/radiovaroy.no\/wp-content\/uploads\/2023\/03\/CDarkiv_wp-770x385.jpg 770w, https:\/\/radiovaroy.no\/wp-content\/uploads\/2023\/03\/CDarkiv_wp-1170x585.jpg 1170w, https:\/\/radiovaroy.no\/wp-content\/uploads\/2023\/03\/CDarkiv_wp-768x384.jpg 768w, https:\/\/radiovaroy.no\/wp-content\/uploads\/2023\/03\/CDarkiv_wp.jpg 1330w\" sizes=\"(max-width: 770px) 100vw, 770px\" \/>\t<\/div>\n\t<div class=\"proradio-post__headercont\">\n\t\t\t\t<a class=\"proradio-post__header__link\" href=\"https:\/\/radiovaroy.no\/?shows=musikkteppe\"><\/a>\n\t\t<div class=\"proradio-post__card__cap\">\n\t\t\t<p class=\"proradio-cats\">\n\t\t\t\t\t\t\t<\/p>\n\t\t\t<h3 class=\"proradio-post__title proradio-cutme-t-2 proradio-h4\"><a href=\"https:\/\/radiovaroy.no\/?shows=musikkteppe\">Musikkteppe<\/a><\/h3>\n\t\t\t\t\t\t\t<p class=\"proradio-itemmetas\">\n\t\t\t\t\t1:00 pm - 11:30 am\t\t\t\t<\/p>\n\t\t\t\t\t\t<\/div>\n\t\t\t<\/div>\n\t<\/article>\t\t\t\t\t\t\t\t\t\t\t\t<\/div>\n\t\t\t\t\t\t\t\t\t\t\t<\/div>\n\t\t\t\t\t\t\t\t\t\t\t\t\t\t\t\t\t\t\t\t\t\t<div class=\"proradio-item\">\n\t\t\t\t\t\t\t\t\t\t\t\t<div class=\"proradio-itemcontainer\">\n\t\t\t\t\t\t\t\t\t\t\t\t\t<article class=\"proradio-post proradio-post__card proradio-post__card--shows proradio-darkbg proradio-negative post-1819 shows type-shows status-publish has-post-thumbnail hentry genre-health\" data-qtwaypoints>\n\t<div class=\"proradio-bgimg proradio-bgimg--full proradio-duotone\">\n\t\t<img decoding=\"async\" width=\"770\" height=\"385\" src=\"https:\/\/radiovaroy.no\/wp-content\/uploads\/2021\/03\/lunsjradio_wp-770x385.jpg\" class=\"proradio-post__thumb wp-post-image\" alt=\"\" srcset=\"https:\/\/radiovaroy.no\/wp-content\/uploads\/2021\/03\/lunsjradio_wp-770x385.jpg 770w, https:\/\/radiovaroy.no\/wp-content\/uploads\/2021\/03\/lunsjradio_wp-1170x585.jpg 1170w, https:\/\/radiovaroy.no\/wp-content\/uploads\/2021\/03\/lunsjradio_wp-768x384.jpg 768w, https:\/\/radiovaroy.no\/wp-content\/uploads\/2021\/03\/lunsjradio_wp.jpg 1330w\" sizes=\"(max-width: 770px) 100vw, 770px\" \/>\t<\/div>\n\t<div class=\"proradio-post__headercont\">\n\t\t\t\t<a class=\"proradio-post__header__link\" href=\"https:\/\/radiovaroy.no\/?shows=eating-to-live\"><\/a>\n\t\t<div class=\"proradio-post__card__cap\">\n\t\t\t<p class=\"proradio-cats\">\n\t\t\t\t<a href=\"https:\/\/radiovaroy.no\/?genre=health\" class=\"proradio-catid-45\">Health<\/a>\t\t\t<\/p>\n\t\t\t<h3 class=\"proradio-post__title proradio-cutme-t-2 proradio-h4\"><a href=\"https:\/\/radiovaroy.no\/?shows=eating-to-live\">Lunsjradio<\/a><\/h3>\n\t\t\t\t\t\t\t<p class=\"proradio-itemmetas\">\n\t\t\t\t\t11:00 am - 1:00 pm\t\t\t\t<\/p>\n\t\t\t\t\t\t<\/div>\n\t\t\t<\/div>\n\t<\/article>\t\t\t\t\t\t\t\t\t\t\t\t<\/div>\n\t\t\t\t\t\t\t\t\t\t\t<\/div>\n\t\t\t\t\t\t\t\t\t\t\t\t\t\t\t\t\t\t\t\t\t\t<div class=\"proradio-item\">\n\t\t\t\t\t\t\t\t\t\t\t\t<div class=\"proradio-itemcontainer\">\n\t\t\t\t\t\t\t\t\t\t\t\t\t<article class=\"proradio-post proradio-post__card proradio-post__card--shows proradio-darkbg proradio-negative post-8611 shows type-shows status-publish has-post-thumbnail hentry\" data-qtwaypoints>\n\t<div class=\"proradio-bgimg proradio-bgimg--full proradio-duotone\">\n\t\t<img loading=\"lazy\" decoding=\"async\" width=\"770\" height=\"385\" src=\"https:\/\/radiovaroy.no\/wp-content\/uploads\/2023\/03\/CDarkiv_wp-770x385.jpg\" class=\"proradio-post__thumb wp-post-image\" alt=\"\" srcset=\"https:\/\/radiovaroy.no\/wp-content\/uploads\/2023\/03\/CDarkiv_wp-770x385.jpg 770w, https:\/\/radiovaroy.no\/wp-content\/uploads\/2023\/03\/CDarkiv_wp-1170x585.jpg 1170w, https:\/\/radiovaroy.no\/wp-content\/uploads\/2023\/03\/CDarkiv_wp-768x384.jpg 768w, https:\/\/radiovaroy.no\/wp-content\/uploads\/2023\/03\/CDarkiv_wp.jpg 1330w\" sizes=\"(max-width: 770px) 100vw, 770px\" \/>\t<\/div>\n\t<div class=\"proradio-post__headercont\">\n\t\t\t\t<a class=\"proradio-post__header__link\" href=\"https:\/\/radiovaroy.no\/?shows=musikkteppe\"><\/a>\n\t\t<div class=\"proradio-post__card__cap\">\n\t\t\t<p class=\"proradio-cats\">\n\t\t\t\t\t\t\t<\/p>\n\t\t\t<h3 class=\"proradio-post__title proradio-cutme-t-2 proradio-h4\"><a href=\"https:\/\/radiovaroy.no\/?shows=musikkteppe\">Musikkteppe<\/a><\/h3>\n\t\t\t\t\t\t\t<p class=\"proradio-itemmetas\">\n\t\t\t\t\t1:00 pm - 11:00 am\t\t\t\t<\/p>\n\t\t\t\t\t\t<\/div>\n\t\t\t<\/div>\n\t<\/article>\t\t\t\t\t\t\t\t\t\t\t\t<\/div>\n\t\t\t\t\t\t\t\t\t\t\t<\/div>\n\t\t\t\t\t\t\t\t\t\t\t\t\t\t\t\t\t\t\t\t\t\t<div class=\"proradio-item\">\n\t\t\t\t\t\t\t\t\t\t\t\t<div class=\"proradio-itemcontainer\">\n\t\t\t\t\t\t\t\t\t\t\t\t\t<article class=\"proradio-post proradio-post__card proradio-post__card--shows proradio-darkbg proradio-negative post-8611 shows type-shows status-publish has-post-thumbnail hentry\" data-qtwaypoints>\n\t<div class=\"proradio-bgimg proradio-bgimg--full proradio-duotone\">\n\t\t<img loading=\"lazy\" decoding=\"async\" width=\"770\" height=\"385\" src=\"https:\/\/radiovaroy.no\/wp-content\/uploads\/2023\/03\/CDarkiv_wp-770x385.jpg\" class=\"proradio-post__thumb wp-post-image\" alt=\"\" srcset=\"https:\/\/radiovaroy.no\/wp-content\/uploads\/2023\/03\/CDarkiv_wp-770x385.jpg 770w, https:\/\/radiovaroy.no\/wp-content\/uploads\/2023\/03\/CDarkiv_wp-1170x585.jpg 1170w, https:\/\/radiovaroy.no\/wp-content\/uploads\/2023\/03\/CDarkiv_wp-768x384.jpg 768w, https:\/\/radiovaroy.no\/wp-content\/uploads\/2023\/03\/CDarkiv_wp.jpg 1330w\" sizes=\"(max-width: 770px) 100vw, 770px\" \/>\t<\/div>\n\t<div class=\"proradio-post__headercont\">\n\t\t\t\t<a class=\"proradio-post__header__link\" href=\"https:\/\/radiovaroy.no\/?shows=musikkteppe\"><\/a>\n\t\t<div class=\"proradio-post__card__cap\">\n\t\t\t<p class=\"proradio-cats\">\n\t\t\t\t\t\t\t<\/p>\n\t\t\t<h3 class=\"proradio-post__title proradio-cutme-t-2 proradio-h4\"><a href=\"https:\/\/radiovaroy.no\/?shows=musikkteppe\">Musikkteppe<\/a><\/h3>\n\t\t\t\t\t\t\t<p class=\"proradio-itemmetas\">\n\t\t\t\t\t12:00 am - 11:59 pm\t\t\t\t<\/p>\n\t\t\t\t\t\t<\/div>\n\t\t\t<\/div>\n\t<\/article>\t\t\t\t\t\t\t\t\t\t\t\t<\/div>\n\t\t\t\t\t\t\t\t\t\t\t<\/div>\n\t\t\t\t\t\t\t\t\t\t\t\t\t\t\t\t\t\t\t\t\t\t<div class=\"proradio-item\">\n\t\t\t\t\t\t\t\t\t\t\t\t<div class=\"proradio-itemcontainer\">\n\t\t\t\t\t\t\t\t\t\t\t\t\t<article class=\"proradio-post proradio-post__card proradio-post__card--shows proradio-darkbg proradio-negative post-1819 shows type-shows status-publish has-post-thumbnail hentry genre-health\" data-qtwaypoints>\n\t<div class=\"proradio-bgimg proradio-bgimg--full proradio-duotone\">\n\t\t<img decoding=\"async\" width=\"770\" height=\"385\" src=\"https:\/\/radiovaroy.no\/wp-content\/uploads\/2021\/03\/lunsjradio_wp-770x385.jpg\" class=\"proradio-post__thumb wp-post-image\" alt=\"\" srcset=\"https:\/\/radiovaroy.no\/wp-content\/uploads\/2021\/03\/lunsjradio_wp-770x385.jpg 770w, https:\/\/radiovaroy.no\/wp-content\/uploads\/2021\/03\/lunsjradio_wp-1170x585.jpg 1170w, https:\/\/radiovaroy.no\/wp-content\/uploads\/2021\/03\/lunsjradio_wp-768x384.jpg 768w, https:\/\/radiovaroy.no\/wp-content\/uploads\/2021\/03\/lunsjradio_wp.jpg 1330w\" sizes=\"(max-width: 770px) 100vw, 770px\" \/>\t<\/div>\n\t<div class=\"proradio-post__headercont\">\n\t\t\t\t<a class=\"proradio-post__header__link\" href=\"https:\/\/radiovaroy.no\/?shows=eating-to-live\"><\/a>\n\t\t<div class=\"proradio-post__card__cap\">\n\t\t\t<p class=\"proradio-cats\">\n\t\t\t\t<a href=\"https:\/\/radiovaroy.no\/?genre=health\" class=\"proradio-catid-45\">Health<\/a>\t\t\t<\/p>\n\t\t\t<h3 class=\"proradio-post__title proradio-cutme-t-2 proradio-h4\"><a href=\"https:\/\/radiovaroy.no\/?shows=eating-to-live\">Lunsjradio<\/a><\/h3>\n\t\t\t\t\t\t\t<p class=\"proradio-itemmetas\">\n\t\t\t\t\t11:00 am - 1:00 pm\t\t\t\t<\/p>\n\t\t\t\t\t\t<\/div>\n\t\t\t<\/div>\n\t<\/article>\t\t\t\t\t\t\t\t\t\t\t\t<\/div>\n\t\t\t\t\t\t\t\t\t\t\t<\/div>\n\t\t\t\t\t\t\t\t\t\t\t\t\t\t<\/div>\n\t\t<\/div>\n\t\t\t\t\t\t<\/div>\n\t\t\t\t<\/div>\n\t\t\t\t<div class=\"elementor-element elementor-element-fa98502 elementor-widget elementor-widget-proradio-elementor-qt-caption\" data-id=\"fa98502\" data-element_type=\"widget\" data-e-type=\"widget\" data-widget_type=\"proradio-elementor-qt-caption.default\">\n\t\t\t\t<div class=\"elementor-widget-container\">\n\t\t\t\t\t\t\t<div>\n\t\t\t<h3  class=\"proradio-element-caption proradio-caption  proradio-caption__s proradio-anim  \" data-qtwaypoints-offset=\"30\" data-qtwaypoints>\t\t\t\t<span>PODCAST<\/span>\n\t\t\t\t<\/h3>\t\t<\/div>\n\t\t\t\t\t\t<\/div>\n\t\t\t\t<\/div>\n\t\t\t\t<div class=\"elementor-element elementor-element-884f882 elementor-widget elementor-widget-proradio-elementor-post-grid\" data-id=\"884f882\" data-element_type=\"widget\" data-e-type=\"widget\" data-widget_type=\"proradio-elementor-post-grid.default\">\n\t\t\t\t<div class=\"elementor-widget-container\">\n\t\t\t\t\t\t\t\t<div id=\"qttmelementor-grid-f6c527f4\" class=\"proradio-container proradio-post-grid\">\n\n\t\t\t\t\n\t\t\t\t<div id=\"qttmelementor-list-f6c527f4\" class=\"proradio-row\">\n\t\t\t\t\t\t\t\t\t\t\t<div class=\"proradio-col proradio-col__post proradio-s12 proradio-m3 proradio-l3\">\n\t\t\t\t\t\t\t<article class=\"proradio-post proradio-post__card proradio-post__card--podcast proradio-podcast-episode proradio-darkbg proradio-negative post-3277 podcast type-podcast status-publish has-post-thumbnail hentry podcastfilter-politics\" data-qtwaypoints>\n\t<div class=\"proradio-bgimg proradio-bgimg--full proradio-duotone\">\n\t\t<img loading=\"lazy\" decoding=\"async\" width=\"1330\" height=\"665\" src=\"https:\/\/radiovaroy.no\/wp-content\/uploads\/2023\/03\/OnAir.jpg\" class=\"proradio-post__thumb wp-post-image\" alt=\"\" srcset=\"https:\/\/radiovaroy.no\/wp-content\/uploads\/2023\/03\/OnAir.jpg 1330w, https:\/\/radiovaroy.no\/wp-content\/uploads\/2023\/03\/OnAir-770x385.jpg 770w, https:\/\/radiovaroy.no\/wp-content\/uploads\/2023\/03\/OnAir-1170x585.jpg 1170w, https:\/\/radiovaroy.no\/wp-content\/uploads\/2023\/03\/OnAir-768x384.jpg 768w\" sizes=\"(max-width: 1330px) 100vw, 1330px\" \/>\t<\/div>\n\t\t<div class=\"proradio-post__headercont\">\n\t\t<a class=\"proradio-post__header__link\" href=\"https:\/\/radiovaroy.no\/?podcast=the-truth-podcast-18-2\"><\/a>\n\t\t<div class=\"proradio-actions__cont\">\n\t<div class=\"proradio-actions\">\n\t\t\t\t<a href=\"https:\/\/radiovaroy.no\/?podcast=the-truth-podcast-18-2\" class=\"proradio-actionicon\">\n\t\t\t<i class=\"material-icons\">insert_link<\/i>\n\t\t<\/a>\n\t\t\n\n\t\t\t\t<span class=\"proradio-actions__a1\">\t\t<a data-ttgreaktions-shareboxfull=\"{&quot;id&quot;:&quot;3277&quot;,&quot;shared&quot;:&quot;https:\\\/\\\/radiovaroy.no\\\/?podcast=the-truth-podcast-18-2&quot;,&quot;title&quot;:&quot;Susan og Bertrand s\\u00f8ker kommunedirekt\\u00f8r til V\\u00e6r\\u00f8y&quot;,&quot;finalUrl&quot;:&quot;https:\\\/\\\/radiovaroy.no\\\/?podcast=the-truth-podcast-18-2&amp;id=3277&amp;reaktions-share-fullpage=3277&amp;noajax=1&amp;label=Del&amp;btnclass=proradio-btn  proradio-btn__r&amp;secure=1e4f9e094f&quot;}\" href=\"#nojax\" class=\"proradio_reaktions-link \">\n\t\t\t<span class=\"qtli\"><i class=\"reakticons-share\"><\/i><\/span><span class=\"count\">6<\/span>\n\t\t<\/a>\n\t\t<\/span>\n\t\t\n\n\t\t\t\t<span class=\"proradio-actions__a2\">\t\t<a data-ttgreaktions-lovelink class=\"proradio_reaktions-link \" data-post_id=\"3277\" href=\"#\">\n\t        <span class=\"qtli\"><i class=\"reakticons-heart\"><\/i><\/span><span class=\"qtli count\">6<\/span>\n\t    <\/a>\n\t\t<\/span>\n\t\t\t<\/div>\n<\/div>\n\n\n\t\t<div class=\"proradio-post__card__cap\">\n\t\t\t<p class=\"proradio-cats\">\n\t\t\t\t<a href=\"https:\/\/radiovaroy.no\/?podcastfilter=politics\" class=\"proradio-catid-52\">Politics<\/a>\t\t\t<\/p>\n\t\t\t<h3 class=\"proradio-post__title proradio-h4 proradio-cutme-t-2\"><a href=\"https:\/\/radiovaroy.no\/?podcast=the-truth-podcast-18-2\">Susan og Bertrand s\u00f8ker kommunedirekt\u00f8r til V\u00e6r\u00f8y<\/a><\/h3>\n\t\t\t<p class=\"proradio-meta proradio-small\">\n\t\t\t\t<span class=\"proradio-date\"><i class=\"material-icons\">today<\/i>24. september 2024<\/span>\t\t\t\t<span><i class=\"reakticons-eye\"><\/i>195<\/span><span><\/span><span>\t\t<a data-ttgreaktions-lovelink class=\"proradio_reaktions-link \" data-post_id=\"3277\" href=\"#\">\n\t        <span class=\"qtli\"><i class=\"reakticons-heart\"><\/i><\/span><span class=\"qtli count\">6<\/span>\n\t    <\/a>\n\t\t<\/span><span>\t\t<a data-ttgreaktions-shareboxfull=\"{&quot;id&quot;:&quot;3277&quot;,&quot;shared&quot;:&quot;https:\\\/\\\/radiovaroy.no\\\/?podcast=the-truth-podcast-18-2&quot;,&quot;title&quot;:&quot;Susan og Bertrand s\\u00f8ker kommunedirekt\\u00f8r til V\\u00e6r\\u00f8y&quot;,&quot;finalUrl&quot;:&quot;https:\\\/\\\/radiovaroy.no\\\/?podcast=the-truth-podcast-18-2&amp;id=3277&amp;reaktions-share-fullpage=3277&amp;noajax=1&amp;label=Del&amp;btnclass=proradio-btn proradio-btn__r&amp;secure=1e4f9e094f&quot;}\" href=\"#nojax\" class=\"proradio_reaktions-link \">\n\t\t\t<span class=\"qtli\"><i class=\"reakticons-share\"><\/i><\/span><span class=\"count\">6<\/span>\n\t\t<\/a>\n\t\t<\/span>\t\t\t<\/p>\n\t\t<\/div>\n\t<\/div>\n\t<\/article>\n\t\t\t\t\t\t<\/div>\n\t\t\t\t\t\t\t\t\t\t<\/div>\n\t\t\t<\/div>\n\t\t\t\t\t\t\t<\/div>\n\t\t\t\t<\/div>\n\t\t\t\t\t<\/div>\n\t\t<\/div>\n\t\t\t\t\t<\/div>\n\t\t<\/section>\n\t\t\t\t<section class=\"elementor-section elementor-top-section elementor-element elementor-element-95d8a61 elementor-section-boxed elementor-section-height-default elementor-section-height-default\" data-id=\"95d8a61\" data-element_type=\"section\" data-e-type=\"section\">\n\t\t\t\t\t\t<div class=\"elementor-container elementor-column-gap-default\">\n\t\t\t\t\t<div class=\"elementor-column elementor-col-100 elementor-top-column elementor-element elementor-element-511ab54\" data-id=\"511ab54\" data-element_type=\"column\" data-e-type=\"column\">\n\t\t\t<div class=\"elementor-widget-wrap\">\n\t\t\t\t\t\t\t<\/div>\n\t\t<\/div>\n\t\t\t\t\t<\/div>\n\t\t<\/section>\n\t\t\t\t<\/div>\n\t\t","protected":false},"excerpt":{"rendered":"<p>Radio V\u00e6r\u00f8y gir deg n\u00e5: RADIOPROGRAMMER N\u00e5 p\u00e5 lufta Musikkteppe access_time12:00 am &#8211; 11:59 pm Health Lunsjradio 11:00 am &#8211; 1:00 pm Musikkteppe 1:00 pm &#8211; 11:00 am Health Lunsjradio 11:00 am &#8211; 1:00 pm Musikkteppe 1:00 pm &#8211; 11:00 am Health Lunsjradio 11:00 am &#8211; 1:00 pm Musikkteppe 1:00 ...<\/p>\n","protected":false},"author":1,"featured_media":0,"parent":0,"menu_order":0,"comment_status":"closed","ping_status":"closed","template":"page-visualcomposer.php","meta":{"footnotes":""},"class_list":["post-8245","page","type-page","status-publish","hentry"],"_links":{"self":[{"href":"https:\/\/radiovaroy.no\/index.php?rest_route=\/wp\/v2\/pages\/8245","targetHints":{"allow":["GET"]}}],"collection":[{"href":"https:\/\/radiovaroy.no\/index.php?rest_route=\/wp\/v2\/pages"}],"about":[{"href":"https:\/\/radiovaroy.no\/index.php?rest_route=\/wp\/v2\/types\/page"}],"author":[{"embeddable":true,"href":"https:\/\/radiovaroy.no\/index.php?rest_route=\/wp\/v2\/users\/1"}],"replies":[{"embeddable":true,"href":"https:\/\/radiovaroy.no\/index.php?rest_route=%2Fwp%2Fv2%2Fcomments&post=8245"}],"version-history":[{"count":28,"href":"https:\/\/radiovaroy.no\/index.php?rest_route=\/wp\/v2\/pages\/8245\/revisions"}],"predecessor-version":[{"id":8704,"href":"https:\/\/radiovaroy.no\/index.php?rest_route=\/wp\/v2\/pages\/8245\/revisions\/8704"}],"wp:attachment":[{"href":"https:\/\/radiovaroy.no\/index.php?rest_route=%2Fwp%2Fv2%2Fmedia&parent=8245"}],"curies":[{"name":"wp","href":"https:\/\/api.w.org\/{rel}","templated":true}]}}